{"id":32,"date":"2018-04-30T23:05:25","date_gmt":"2018-04-30T23:05:25","guid":{"rendered":"http:\/\/codicifashion.com\/?page_id=32"},"modified":"2018-05-24T10:59:24","modified_gmt":"2018-05-24T10:59:24","slug":"chi-siamo","status":"publish","type":"page","link":"http:\/\/codicifashion.com\/?page_id=32","title":{"rendered":"Chi Siamo"},"content":{"rendered":"<p><strong>La moda \u00e8 contemporaneamente essere e non essere, si trova sempre sullo spartiacque fra passato e futuro e ci d\u00e0, finch\u00e9 \u00e8 fiorente, un senso del presente cos\u00ec forte da superare in questo senso ogni altro presente. (George Simmel)<\/strong><\/p>\n<p>Ed in questo presente CODICI vi accompagna in tutti i momenti della vostra vita: dalla quotidianit\u00e0 alla mondanit\u00e0 con stile e cura dei dettagli rendendo cos\u00ec, l&#8217;uomo CODICI, raffinato ed elegante, ma anche casual e sportivo. Il comune denominatore, comunque sia,\u00a0\u00e8 poter contare su capi realizzati con materiali pregiati\u00a0confezionati con cura.<\/p>\n<div>Oltre alle\u00a0immancabili\u00a0 giacche, abiti, camicie, pantaloni, lo store\u00a0CODICI dedica uno spazio all&#8217;uomo che ama uno stile urban chic offrendo ampia possibilit\u00e0 di scelta tra una selezione di jeans, felpe, giubbini e t-shirts\u00a0.<\/div>\n","protected":false},"excerpt":{"rendered":"<p>La moda \u00e8 contemporaneamente essere e non essere, si trova sempre sullo spartiacque fra passato e futuro e ci d\u00e0, finch\u00e9 \u00e8 fiorente, un senso del presente cos\u00ec forte da superare in questo senso ogni altro presente. (George Simmel) Ed in questo presente CODICI vi accompagna in tutti i momenti della vostra vita: dalla quotidianit\u00e0 &hellip; <a href=\"http:\/\/codicifashion.com\/?page_id=32\" class=\"more-link\">Continua la lettura di <span class=\"screen-reader-text\">Chi Siamo<\/span> <span class=\"meta-nav\">&rarr;<\/span><\/a><\/p>\n","protected":false},"author":1,"featured_media":0,"parent":0,"menu_order":0,"comment_status":"closed","ping_status":"closed","template":"","meta":[],"_links":{"self":[{"href":"http:\/\/codicifashion.com\/index.php?rest_route=\/wp\/v2\/pages\/32"}],"collection":[{"href":"http:\/\/codicifashion.com\/index.php?rest_route=\/wp\/v2\/pages"}],"about":[{"href":"http:\/\/codicifashion.com\/index.php?rest_route=\/wp\/v2\/types\/page"}],"author":[{"embeddable":true,"href":"http:\/\/codicifashion.com\/index.php?rest_route=\/wp\/v2\/users\/1"}],"replies":[{"embeddable":true,"href":"http:\/\/codicifashion.com\/index.php?rest_route=%2Fwp%2Fv2%2Fcomments&post=32"}],"version-history":[{"count":4,"href":"http:\/\/codicifashion.com\/index.php?rest_route=\/wp\/v2\/pages\/32\/revisions"}],"predecessor-version":[{"id":79,"href":"http:\/\/codicifashion.com\/index.php?rest_route=\/wp\/v2\/pages\/32\/revisions\/79"}],"wp:attachment":[{"href":"http:\/\/codicifashion.com\/index.php?rest_route=%2Fwp%2Fv2%2Fmedia&parent=32"}],"curies":[{"name":"wp","href":"https:\/\/api.w.org\/{rel}","templated":true}]}}